{"id":325,"date":"2026-01-07T18:13:07","date_gmt":"2026-01-07T18:13:07","guid":{"rendered":"https:\/\/wild-lines.com\/?page_id=325"},"modified":"2026-01-07T18:42:05","modified_gmt":"2026-01-07T18:42:05","slug":"remboursements_retours","status":"publish","type":"page","link":"https:\/\/wild-lines.com\/en\/remboursements_retours\/","title":{"rendered":"CONDITIONS G\u00c9N\u00c9RALES DE VENTE ET REMBOURSEMENT"},"content":{"rendered":"\t\t<div data-elementor-type=\"wp-page\" data-elementor-id=\"325\" class=\"elementor elementor-325\" data-elementor-post-type=\"page\">\n\t\t\t\t<div class=\"elementor-element elementor-element-72bdb62 e-flex e-con-boxed e-con e-parent\" data-id=\"72bdb62\" data-element_type=\"container\" data-e-type=\"container\">\n\t\t\t\t\t<div class=\"e-con-inner\">\n\t\t<div class=\"elementor-element elementor-element-7f26d2a e-con-full e-flex e-con e-child\" data-id=\"7f26d2a\" data-element_type=\"container\" data-e-type=\"container\" data-settings=\"{&quot;background_background&quot;:&quot;classic&quot;,&quot;position&quot;:&quot;fixed&quot;}\">\n\t\t\t\t<div class=\"elementor-element elementor-element-5e4670c elementor-align-end elementor-mobile-align-center elementor-icon-list--layout-traditional elementor-list-item-link-full_width elementor-widget elementor-widget-icon-list\" data-id=\"5e4670c\" data-element_type=\"widget\" data-e-type=\"widget\" data-widget_type=\"icon-list.default\">\n\t\t\t\t\t\t\t<ul class=\"elementor-icon-list-items\">\n\t\t\t\t\t\t\t<li class=\"elementor-icon-list-item\">\n\t\t\t\t\t\t\t\t\t\t\t<a href=\"tel:123-456-7890\">\n\n\t\t\t\t\t\t\t\t\t\t\t\t<span class=\"elementor-icon-list-icon\">\n\t\t\t\t\t\t\t<svg aria-hidden=\"true\" class=\"e-font-icon-svg e-far-envelope\" viewBox=\"0 0 512 512\" xmlns=\"http:\/\/www.w3.org\/2000\/svg\"><path d=\"M464 64H48C21.49 64 0 85.49 0 112v288c0 26.51 21.49 48 48 48h416c26.51 0 48-21.49 48-48V112c0-26.51-21.49-48-48-48zm0 48v40.805c-22.422 18.259-58.168 46.651-134.587 106.49-16.841 13.247-50.201 45.072-73.413 44.701-23.208.375-56.579-31.459-73.413-44.701C106.18 199.465 70.425 171.067 48 152.805V112h416zM48 400V214.398c22.914 18.251 55.409 43.862 104.938 82.646 21.857 17.205 60.134 55.186 103.062 54.955 42.717.231 80.509-37.199 103.053-54.947 49.528-38.783 82.032-64.401 104.947-82.653V400H48z\"><\/path><\/svg>\t\t\t\t\t\t<\/span>\n\t\t\t\t\t\t\t\t\t\t<span class=\"elementor-icon-list-text\">hello@wild-lines.com<\/span>\n\t\t\t\t\t\t\t\t\t\t\t<\/a>\n\t\t\t\t\t\t\t\t\t<\/li>\n\t\t\t\t\t\t<\/ul>\n\t\t\t\t\t\t<\/div>\n\t\t\t\t<div class=\"elementor-element elementor-element-3dcc83e elementor-nav-menu--stretch elementor-nav-menu__text-align-center elementor-nav-menu--toggle elementor-nav-menu--burger elementor-widget elementor-widget-nav-menu\" data-id=\"3dcc83e\" data-element_type=\"widget\" data-e-type=\"widget\" data-settings=\"{&quot;full_width&quot;:&quot;stretch&quot;,&quot;submenu_icon&quot;:{&quot;value&quot;:&quot;&lt;svg aria-hidden=\\&quot;true\\&quot; class=\\&quot;e-font-icon-svg e-far-arrow-alt-circle-down\\&quot; viewBox=\\&quot;0 0 512 512\\&quot; xmlns=\\&quot;http:\\\/\\\/www.w3.org\\\/2000\\\/svg\\&quot;&gt;&lt;path d=\\&quot;M256 8C119 8 8 119 8 256s111 248 248 248 248-111 248-248S393 8 256 8zm0 448c-110.5 0-200-89.5-200-200S145.5 56 256 56s200 89.5 200 200-89.5 200-200 200zm-32-316v116h-67c-10.7 0-16 12.9-8.5 20.5l99 99c4.7 4.7 12.3 4.7 17 0l99-99c7.6-7.6 2.2-20.5-8.5-20.5h-67V140c0-6.6-5.4-12-12-12h-40c-6.6 0-12 5.4-12 12z\\&quot;&gt;&lt;\\\/path&gt;&lt;\\\/svg&gt;&quot;,&quot;library&quot;:&quot;fa-regular&quot;},&quot;layout&quot;:&quot;dropdown&quot;,&quot;toggle&quot;:&quot;burger&quot;}\" data-widget_type=\"nav-menu.default\">\n\t\t\t\t\t\t\t<div class=\"elementor-menu-toggle\" role=\"button\" tabindex=\"0\" aria-label=\"Menu Toggle\" aria-expanded=\"false\">\n\t\t\t<svg aria-hidden=\"true\" role=\"presentation\" class=\"elementor-menu-toggle__icon--open e-font-icon-svg e-fas-bars\" viewBox=\"0 0 448 512\" xmlns=\"http:\/\/www.w3.org\/2000\/svg\"><path d=\"M16 132h416c8.837 0 16-7.163 16-16V76c0-8.837-7.163-16-16-16H16C7.163 60 0 67.163 0 76v40c0 8.837 7.163 16 16 16zm0 160h416c8.837 0 16-7.163 16-16v-40c0-8.837-7.163-16-16-16H16c-8.837 0-16 7.163-16 16v40c0 8.837 7.163 16 16 16zm0 160h416c8.837 0 16-7.163 16-16v-40c0-8.837-7.163-16-16-16H16c-8.837 0-16 7.163-16 16v40c0 8.837 7.163 16 16 16z\"><\/path><\/svg><svg aria-hidden=\"true\" role=\"presentation\" class=\"elementor-menu-toggle__icon--close e-font-icon-svg e-eicon-close\" viewBox=\"0 0 1000 1000\" xmlns=\"http:\/\/www.w3.org\/2000\/svg\"><path d=\"M742 167L500 408 258 167C246 154 233 150 217 150 196 150 179 158 167 167 154 179 150 196 150 212 150 229 154 242 171 254L408 500 167 742C138 771 138 800 167 829 196 858 225 858 254 829L496 587 738 829C750 842 767 846 783 846 800 846 817 842 829 829 842 817 846 804 846 783 846 767 842 750 829 737L588 500 833 258C863 229 863 200 833 171 804 137 775 137 742 167Z\"><\/path><\/svg>\t\t<\/div>\n\t\t\t\t\t<nav class=\"elementor-nav-menu--dropdown elementor-nav-menu__container\" aria-hidden=\"true\">\n\t\t\t\t<ul id=\"menu-2-3dcc83e\" class=\"elementor-nav-menu\"><li class=\"menu-item menu-item-type-post_type menu-item-object-page menu-item-home menu-item-252\"><a href=\"https:\/\/wild-lines.com\/en\/\" class=\"elementor-item\" tabindex=\"-1\">ACCUEIL<\/a><\/li>\n<li class=\"menu-item menu-item-type-post_type menu-item-object-page menu-item-has-children menu-item-256\"><a href=\"https:\/\/wild-lines.com\/en\/nos-cours-et-formations\/\" class=\"elementor-item\" tabindex=\"-1\">NOS COURS ET FORMATIONS<\/a>\n<ul class=\"sub-menu elementor-nav-menu--dropdown\">\n\t<li class=\"menu-item menu-item-type-post_type menu-item-object-page menu-item-254\"><a href=\"https:\/\/wild-lines.com\/en\/nos-cours-et-formations\/cours-privee\/\" class=\"elementor-sub-item\" tabindex=\"-1\">COURS PRIV\u00c9 SKI &amp; SNOWBOARD<\/a><\/li>\n\t<li class=\"menu-item menu-item-type-post_type menu-item-object-page menu-item-257\"><a href=\"https:\/\/wild-lines.com\/en\/nos-cours-et-formations\/stage-de-perfectionnement\/\" class=\"elementor-sub-item\" tabindex=\"-1\">STAGE DE PERFECTIONNEMENT<\/a><\/li>\n\t<li class=\"menu-item menu-item-type-post_type menu-item-object-page menu-item-259\"><a href=\"https:\/\/wild-lines.com\/en\/nos-cours-et-formations\/formation-hors-piste-avalanches\/\" class=\"elementor-sub-item\" tabindex=\"-1\">FORMATION HORS PISTE &amp; AVALANCHES<\/a><\/li>\n<\/ul>\n<\/li>\n<li class=\"menu-item menu-item-type-post_type menu-item-object-page menu-item-263\"><a href=\"https:\/\/wild-lines.com\/en\/a-propos\/\" class=\"elementor-item\" tabindex=\"-1\">A PROPOS<\/a><\/li>\n<li class=\"menu-item menu-item-type-post_type menu-item-object-page menu-item-253\"><a href=\"https:\/\/wild-lines.com\/en\/contact\/\" class=\"elementor-item\" tabindex=\"-1\">CONTACT &amp; R\u00c9SERVATION<\/a><\/li>\n<li class=\"menu-item menu-item-type-post_type menu-item-object-page current_page_parent menu-item-251\"><a href=\"https:\/\/wild-lines.com\/en\/blog\/\" class=\"elementor-item\" tabindex=\"-1\">Blog<\/a><\/li>\n<\/ul>\t\t\t<\/nav>\n\t\t\t\t\t\t<\/div>\n\t\t\t\t<\/div>\n\t\t\t\t\t<\/div>\n\t\t\t\t<\/div>\n\t\t<div class=\"elementor-element elementor-element-7e6e0d5 e-flex e-con-boxed e-con e-parent\" data-id=\"7e6e0d5\" data-element_type=\"container\" data-e-type=\"container\" data-settings=\"{&quot;background_background&quot;:&quot;classic&quot;}\">\n\t\t\t\t\t<div class=\"e-con-inner\">\n\t\t\t\t<div class=\"elementor-element elementor-element-530f2bd elementor-widget elementor-widget-heading\" data-id=\"530f2bd\" data-element_type=\"widget\" data-e-type=\"widget\" data-widget_type=\"heading.default\">\n\t\t\t\t\t<h1 class=\"elementor-heading-title elementor-size-default\">Conditions g\u00e9n\u00e9rales de vente et remboursement<\/h1>\t\t\t\t<\/div>\n\t\t\t\t\t<\/div>\n\t\t\t\t<\/div>\n\t\t<div class=\"elementor-element elementor-element-6e8c22d e-flex e-con-boxed e-con e-parent\" data-id=\"6e8c22d\" data-element_type=\"container\" data-e-type=\"container\">\n\t\t\t\t\t<div class=\"e-con-inner\">\n\t\t\t\t<div class=\"elementor-element elementor-element-34cffcf2 elementor-widget elementor-widget-text-editor\" data-id=\"34cffcf2\" data-element_type=\"widget\" data-e-type=\"widget\" data-widget_type=\"text-editor.default\">\n\t\t\t\t\t\t\t\t\t\n<p><strong>Conditions G\u00e9n\u00e9rales de Vente \u2013 Wild Lines Ski School<\/strong><\/p>\n\n<p><strong>Nom \/ D\u00e9nomination :<\/strong> Benjamin Pellet &#8211; Entreprise Individuelle<br \/><strong>Statut juridique :<\/strong> Auto-entrepreneur, Micro entreprise<br \/><strong>SIRET :<\/strong> 834277204<br \/><strong>Adresse :<\/strong>852A route des grandes Alpes, 74110 Morzine<br \/><strong>Email :<\/strong>hello@wild-lines.com<br \/><strong>T\u00e9l\u00e9phone :<\/strong> +33(0)613055449<br \/><strong>Carte professionnelle :<\/strong>N\u00b0 de carte : 07423ED0240 \/\/ Carte d\u00e9livr\u00e9e au nom du ministre charg\u00e9 du sports par : Pr\u00e9fecture de la Haute-Savoie \/\/ Expire le : 05\/07\/2028<br \/><strong>Assurance RC Pro :<\/strong> [Nom de l\u2019assureur + N\u00b0 de contrat]<\/p>\n\n<p><strong>1. Objet<\/strong><\/p>\n\n<p>Les pr\u00e9sentes Conditions G\u00e9n\u00e9rales de Vente (CGV) d\u00e9finissent les modalit\u00e9s dans lesquelles l\u2019\u00e9ducateur sportif fournit ses prestations de coaching sportif et de pr\u00e9paration physique \u00e0 destination de particuliers ou de groupes.<\/p>\n\n<p><strong>2. Acceptation des CGV<\/strong><\/p>\n\n<p>Toute r\u00e9servation de prestation implique l\u2019acceptation sans r\u00e9serve des pr\u00e9sentes CGV. Aucune condition particuli\u00e8re ne peut pr\u00e9valoir sur ces conditions, sauf accord \u00e9crit.<\/p>\n\n<p><strong>3. Prestations propos\u00e9es<\/strong><\/p>\n\n<p>Les prestations comprennent notamment :<\/p>\n\n<ul class=\"wp-block-list\">\n<li>Coaching sportif personnalis\u00e9<\/li>\n\n<li>Entra\u00eenements en groupe<\/li>\n\n<li>Remise en forme et r\u00e9athl\u00e9tisation<\/li>\n\n<li>Conseils en hygi\u00e8ne de vie et suivi personnalis\u00e9<\/li>\n<\/ul>\n\n<p>Les s\u00e9ances peuvent \u00eatre assur\u00e9es en pr\u00e9sentiel (domicile, salle, ext\u00e9rieur) ou en visioconf\u00e9rence.<\/p>\n\n<p><strong>4. Tarifs et paiement<\/strong><\/p>\n\n<p>Les tarifs sont exprim\u00e9s en euros TTC.<br \/>Le versement d\u2019un acompte de 30% sera demand\u00e9 pour valider la le\u00e7on.<\/p>\n\n<p>Les paiements accept\u00e9s :<\/p>\n\n<ul class=\"wp-block-list\">\n<li>Virement bancaire<\/li>\n\n<li>Esp\u00e8ces<\/li>\n\n<li>Ch\u00e8que (selon accord pr\u00e9alable)<\/li>\n<\/ul>\n\n<p>Les prestations sont payables :<\/p>\n\n<ul class=\"wp-block-list\">\n<li>\u00c0 l\u2019avance pour les forfaits \/ le\u00e7ons multiples.<\/li>\n\n<li>\u00c0 la fin de chaque s\u00e9ance pour les s\u00e9ances \u00e0 l\u2019unit\u00e9<\/li>\n<\/ul>\n\n<p>Tout retard de paiement peut entra\u00eener des p\u00e9nalit\u00e9s selon la loi applicable.<\/p>\n\n<p><strong>5. R\u00e9servations et annulations<\/strong><\/p>\n\n<p><strong>R\u00e9servations :<\/strong> Valid\u00e9es uniquement apr\u00e8s paiement (total ou partiel).<\/p>\n\n<p><br \/><strong>Annulations client :<\/strong><\/p>\n\n<p>Dans le cas d\u2019une annulation d\u2019une r\u00e9servation \u00e0 l\u2019avance, voici les charges retenues<\/p>\n\n<ul class=\"wp-block-list\">\n<li>Plus de 6 semaines\u00a0 \u00a0 : 10% de la somme totale<\/li>\n\n<li>Entre 3 et 6 semaines : 10% de la somme totale<\/li>\n\n<li>Entre 2 et 3 semaines : 90% de la somme totale<\/li>\n\n<li>Moins de 2 semaines: 100% \/ la totalit\u00e9 de la somme.<\/li>\n<\/ul>\n\n<p><strong>Annulations prestataire :<\/strong> Le prestataire s\u2019engage \u00e0 proposer un report. Aucune indemnit\u00e9 ne pourra \u00eatre exig\u00e9e.<\/p>\n\n<p>En cas de temp\u00eate \/ orage, la soci\u00e9t\u00e9 d\u2019exploitation de remont\u00e9es m\u00e9caniques peut suspendre le fonctionnement des installations.<\/p>\n\n<p>Si cela rend la prestation impossible, celle-ci sera rembours\u00e9e.<\/p>\n\n<p>En cas de conditions jug\u00e9 trop extr\u00eames par le prestataire, la prestation pourra \u00eatre rembours\u00e9 \u00e0 hauteur de 75%<\/p>\n\n<p><strong>6. Forfaits et acc\u00e8s au Domaines Skiable<\/strong><\/p>\n\n<p>Le choix du forfait et du domaine skiable sera convenu au pr\u00e9alable avec le prestataire en accord avec le niveau du participant et l\u2019objectif p\u00e9dagogique.<\/p>\n\n<p>Les modalit\u00e9s de remboursement des forfaits rel\u00e8vent de la soci\u00e9t\u00e9 de remont\u00e9es m\u00e9caniques et non du moniteur de ski.<\/p>\n\n<p><strong>7. Obligations du prestataire<\/strong><\/p>\n\n<p>Le prestataire s\u2019engage \u00e0 :<\/p>\n\n<ul class=\"wp-block-list\">\n<li>Fournir un encadrement professionnel et s\u00e9curis\u00e9<\/li>\n\n<li>S\u2019adapter au niveau et \u00e0 la condition physique du client<\/li>\n\n<li>Respecter les r\u00e8gles de d\u00e9ontologie de la profession<\/li>\n<\/ul>\n\n<p><strong>8. Obligations du client<\/strong><\/p>\n\n<p>Le client d\u00e9clare :<\/p>\n\n<ul class=\"wp-block-list\">\n<li>\u00catre en capacit\u00e9 de pratiquer une activit\u00e9 physique (certificat m\u00e9dical conseill\u00e9)<\/li>\n\n<li>Informer l\u2019\u00e9ducateur de tout souci de sant\u00e9 ou contre-indication<\/li>\n\n<li>Suivre les consignes donn\u00e9es pour garantir sa s\u00e9curit\u00e9.<\/li>\n<\/ul>\n\n<p><strong>9. Responsabilit\u00e9<\/strong><\/p>\n\n<p>L\u2019\u00e9ducateur sportif est assur\u00e9 en responsabilit\u00e9 civile professionnelle. Il ne peut \u00eatre tenu responsable :<\/p>\n\n<ul class=\"wp-block-list\">\n<li>En cas de blessures li\u00e9es au non-respect des consignes<\/li>\n\n<li>En cas de fausses d\u00e9clarations du client sur son \u00e9tat de sant\u00e9<\/li>\n<\/ul>\n\n<p><strong>10. Donn\u00e9es personnelles<\/strong><\/p>\n\n<p>Les donn\u00e9es personnelles collect\u00e9es sont strictement utilis\u00e9es pour la gestion des clients. Conform\u00e9ment \u00e0 la l\u00e9gislation en vigueur (RGPD), vous disposez d\u2019un droit d\u2019acc\u00e8s, de rectification ou de suppression sur simple demande.<\/p>\n\n<p><strong>11. Droit applicable et litiges<\/strong><\/p>\n\n<p>Les pr\u00e9sentes CGV sont r\u00e9gies par la loi fran\u00e7aise. Tout litige sera d\u2019abord r\u00e9solu \u00e0 l\u2019amiable. \u00c0 d\u00e9faut, il rel\u00e8ve de la comp\u00e9tence des tribunaux du ressort du si\u00e8ge du prestataire.<\/p>\n\n<p><em>Derni\u00e8re mise \u00e0 jour :\u00a0 27\/05\/2025<\/em><\/p>\n\t\t\t\t\t\t\t\t<\/div>\n\t\t\t\t\t<\/div>\n\t\t\t\t<\/div>\n\t\t<footer class=\"elementor-element elementor-element-b7dd6ee e-con-full e-flex e-con e-parent\" data-id=\"b7dd6ee\" data-element_type=\"container\" data-e-type=\"container\">\n\t\t<div class=\"elementor-element elementor-element-531ab6d e-con-full e-flex e-con e-child\" data-id=\"531ab6d\" data-element_type=\"container\" data-e-type=\"container\">\n\t\t\t\t<div class=\"elementor-element elementor-element-07e1fb9 elementor-position-top elementor-widget elementor-widget-image-box\" data-id=\"07e1fb9\" data-element_type=\"widget\" data-e-type=\"widget\" data-widget_type=\"image-box.default\">\n\t\t\t\t\t<div class=\"elementor-image-box-wrapper\"><figure class=\"elementor-image-box-img\"><img fetchpriority=\"high\" decoding=\"async\" width=\"1024\" height=\"683\" src=\"https:\/\/i0.wp.com\/wild-lines.com\/wp-content\/uploads\/2025\/12\/Logo-typo_-scaled.png?fit=1024%2C683&amp;ssl=1\" class=\"attachment-large size-large wp-image-79\" alt=\"\" srcset=\"https:\/\/i0.wp.com\/wild-lines.com\/wp-content\/uploads\/2025\/12\/Logo-typo_-scaled.png?w=2560&amp;ssl=1 2560w, https:\/\/i0.wp.com\/wild-lines.com\/wp-content\/uploads\/2025\/12\/Logo-typo_-scaled.png?resize=600%2C400&amp;ssl=1 600w, https:\/\/i0.wp.com\/wild-lines.com\/wp-content\/uploads\/2025\/12\/Logo-typo_-scaled.png?resize=300%2C200&amp;ssl=1 300w, https:\/\/i0.wp.com\/wild-lines.com\/wp-content\/uploads\/2025\/12\/Logo-typo_-scaled.png?resize=1024%2C683&amp;ssl=1 1024w, https:\/\/i0.wp.com\/wild-lines.com\/wp-content\/uploads\/2025\/12\/Logo-typo_-scaled.png?resize=768%2C512&amp;ssl=1 768w, https:\/\/i0.wp.com\/wild-lines.com\/wp-content\/uploads\/2025\/12\/Logo-typo_-scaled.png?resize=1536%2C1024&amp;ssl=1 1536w, https:\/\/i0.wp.com\/wild-lines.com\/wp-content\/uploads\/2025\/12\/Logo-typo_-scaled.png?resize=2048%2C1365&amp;ssl=1 2048w, https:\/\/i0.wp.com\/wild-lines.com\/wp-content\/uploads\/2025\/12\/Logo-typo_-scaled.png?w=2340&amp;ssl=1 2340w\" sizes=\"(max-width: 1024px) 100vw, 1024px\" \/><\/figure><div class=\"elementor-image-box-content\"><span class=\"elementor-image-box-title\">WILD LINES - LA RIDE SAUVAGE<\/span><p class=\"elementor-image-box-description\">\nWildlines est une \u00e9cole de ski &amp; snowboard bas\u00e9 \u00e0 Morzine-Avoriaz, nous proposons des cours priv\u00e9es \u00e0 destinations des riders qui souhaites booster leur niveau et explorer le hors-piste. <\/p><\/div><\/div>\t\t\t\t<\/div>\n\t\t\t\t<\/div>\n\t\t<div class=\"elementor-element elementor-element-50fbb9d e-con-full e-flex e-con e-child\" data-id=\"50fbb9d\" data-element_type=\"container\" data-e-type=\"container\">\n\t\t\t\t<div class=\"elementor-element elementor-element-894fcbd elementor-align-center elementor-tablet-align-start elementor-mobile-align-center elementor-icon-list--layout-traditional elementor-list-item-link-full_width elementor-widget elementor-widget-icon-list\" data-id=\"894fcbd\" data-element_type=\"widget\" data-e-type=\"widget\" data-widget_type=\"icon-list.default\">\n\t\t\t\t\t\t\t<ul class=\"elementor-icon-list-items\">\n\t\t\t\t\t\t\t<li class=\"elementor-icon-list-item\">\n\t\t\t\t\t\t\t\t\t\t\t<span class=\"elementor-icon-list-icon\">\n\t\t\t\t\t\t\t<svg aria-hidden=\"true\" class=\"e-font-icon-svg e-fas-envelope\" viewBox=\"0 0 512 512\" xmlns=\"http:\/\/www.w3.org\/2000\/svg\"><path d=\"M502.3 190.8c3.9-3.1 9.7-.2 9.7 4.7V400c0 26.5-21.5 48-48 48H48c-26.5 0-48-21.5-48-48V195.6c0-5 5.7-7.8 9.7-4.7 22.4 17.4 52.1 39.5 154.1 113.6 21.1 15.4 56.7 47.8 92.2 47.6 35.7.3 72-32.8 92.3-47.6 102-74.1 131.6-96.3 154-113.7zM256 320c23.2.4 56.6-29.2 73.4-41.4 132.7-96.3 142.8-104.7 173.4-128.7 5.8-4.5 9.2-11.5 9.2-18.9v-19c0-26.5-21.5-48-48-48H48C21.5 64 0 85.5 0 112v19c0 7.4 3.4 14.3 9.2 18.9 30.6 23.9 40.7 32.4 173.4 128.7 16.8 12.2 50.2 41.8 73.4 41.4z\"><\/path><\/svg>\t\t\t\t\t\t<\/span>\n\t\t\t\t\t\t\t\t\t\t<span class=\"elementor-icon-list-text\">hello@wild-lines.com<\/span>\n\t\t\t\t\t\t\t\t\t<\/li>\n\t\t\t\t\t\t\t\t<li class=\"elementor-icon-list-item\">\n\t\t\t\t\t\t\t\t\t\t<span class=\"elementor-icon-list-text\">Lundi - Dimanche  9:00AM - 5:00PM<\/span>\n\t\t\t\t\t\t\t\t\t<\/li>\n\t\t\t\t\t\t<\/ul>\n\t\t\t\t\t\t<\/div>\n\t\t\t\t<\/div>\n\t\t<div class=\"elementor-element elementor-element-179b4a4 e-con-full e-flex e-con e-child\" data-id=\"179b4a4\" data-element_type=\"container\" data-e-type=\"container\">\n\t\t\t\t<div class=\"elementor-element elementor-element-2ecfa62 elementor-widget elementor-widget-text-editor\" data-id=\"2ecfa62\" data-element_type=\"widget\" data-e-type=\"widget\" data-widget_type=\"text-editor.default\">\n\t\t\t\t\t\t\t\t\t<p>Contactez nous pour toutes demandes.<\/p>\t\t\t\t\t\t\t\t<\/div>\n\t\t\t\t<div class=\"elementor-element elementor-element-73613a6 elementor-align-center elementor-mobile-align-center elementor-widget elementor-widget-button\" data-id=\"73613a6\" data-element_type=\"widget\" data-e-type=\"widget\" data-widget_type=\"button.default\">\n\t\t\t\t\t\t\t\t\t\t<a class=\"elementor-button elementor-button-link elementor-size-sm\" href=\"https:\/\/wild-lines.com\/contact\/\">\n\t\t\t\t\t\t<span class=\"elementor-button-content-wrapper\">\n\t\t\t\t\t\t\t\t\t<span class=\"elementor-button-text\">CONTACTEZ-NOUS<\/span>\n\t\t\t\t\t<\/span>\n\t\t\t\t\t<\/a>\n\t\t\t\t\t\t\t\t<\/div>\n\t\t\t\t<\/div>\n\t\t\t\t<\/footer>\n\t\t<div class=\"elementor-element elementor-element-dd99f7d e-con-full e-flex e-con e-parent\" data-id=\"dd99f7d\" data-element_type=\"container\" data-e-type=\"container\" data-settings=\"{&quot;background_background&quot;:&quot;classic&quot;}\">\n\t\t\t\t<div class=\"elementor-element elementor-element-b31fa79 elementor-widget elementor-widget-heading\" data-id=\"b31fa79\" data-element_type=\"widget\" data-e-type=\"widget\" data-widget_type=\"heading.default\">\n\t\t\t\t\t<p class=\"elementor-heading-title elementor-size-default\">\u00a9 2026 All Rights Reserved.<\/p>\t\t\t\t<\/div>\n\t\t\t\t<\/div>\n\t\t\t\t<\/div>\n\t\t","protected":false},"excerpt":{"rendered":"<p>hello@wild-lines.com Conditions g\u00e9n\u00e9rales de vente et remboursement Conditions G\u00e9n\u00e9rales de Vente \u2013 Wild Lines Ski School Nom \/ D\u00e9nomination : Benjamin Pellet &#8211; Entreprise IndividuelleStatut juridique : Auto-entrepreneur, Micro entrepriseSIRET : 834277204Adresse :852A route des grandes Alpes, 74110 MorzineEmail :hello@wild-lines.comT\u00e9l\u00e9phone : +33(0)613055449Carte professionnelle :N\u00b0 de carte : 07423ED0240 \/\/ Carte d\u00e9livr\u00e9e au nom du ministre [&hellip;]<\/p>\n","protected":false},"author":1,"featured_media":0,"parent":0,"menu_order":0,"comment_status":"closed","ping_status":"closed","template":"elementor_canvas","meta":{"_monsterinsights_skip_tracking":false,"_monsterinsights_sitenote_active":false,"_monsterinsights_sitenote_note":"","_monsterinsights_sitenote_category":0,"footnotes":""},"class_list":["post-325","page","type-page","status-publish","hentry"],"aioseo_notices":[],"jetpack_sharing_enabled":true,"_links":{"self":[{"href":"https:\/\/wild-lines.com\/en\/wp-json\/wp\/v2\/pages\/325","targetHints":{"allow":["GET"]}}],"collection":[{"href":"https:\/\/wild-lines.com\/en\/wp-json\/wp\/v2\/pages"}],"about":[{"href":"https:\/\/wild-lines.com\/en\/wp-json\/wp\/v2\/types\/page"}],"author":[{"embeddable":true,"href":"https:\/\/wild-lines.com\/en\/wp-json\/wp\/v2\/users\/1"}],"replies":[{"embeddable":true,"href":"https:\/\/wild-lines.com\/en\/wp-json\/wp\/v2\/comments?post=325"}],"version-history":[{"count":15,"href":"https:\/\/wild-lines.com\/en\/wp-json\/wp\/v2\/pages\/325\/revisions"}],"predecessor-version":[{"id":506,"href":"https:\/\/wild-lines.com\/en\/wp-json\/wp\/v2\/pages\/325\/revisions\/506"}],"wp:attachment":[{"href":"https:\/\/wild-lines.com\/en\/wp-json\/wp\/v2\/media?parent=325"}],"curies":[{"name":"wp","href":"https:\/\/api.w.org\/{rel}","templated":true}]}}