{"id":132,"date":"2025-12-10T09:40:09","date_gmt":"2025-12-10T09:40:09","guid":{"rendered":"https:\/\/wild-lines.com\/?page_id=132"},"modified":"2025-12-25T10:20:50","modified_gmt":"2025-12-25T10:20:50","slug":"a-propos","status":"publish","type":"page","link":"https:\/\/wild-lines.com\/en\/a-propos\/","title":{"rendered":"ABOUT US"},"content":{"rendered":"\t\t<div data-elementor-type=\"wp-page\" data-elementor-id=\"132\" class=\"elementor elementor-132\" data-elementor-post-type=\"page\">\n\t\t\t\t<div class=\"elementor-element elementor-element-4dff1a89 e-con-full e-flex e-con e-parent\" data-id=\"4dff1a89\" data-element_type=\"container\" data-e-type=\"container\" data-settings=\"{&quot;background_background&quot;:&quot;classic&quot;}\">\n\t\t\t\t<div class=\"elementor-element elementor-element-66ebd01e elementor-align-end elementor-mobile-align-center elementor-icon-list--layout-traditional elementor-list-item-link-full_width elementor-widget elementor-widget-icon-list\" data-id=\"66ebd01e\" data-element_type=\"widget\" data-e-type=\"widget\" data-widget_type=\"icon-list.default\">\n\t\t\t\t\t\t\t<ul class=\"elementor-icon-list-items\">\n\t\t\t\t\t\t\t<li class=\"elementor-icon-list-item\">\n\t\t\t\t\t\t\t\t\t\t\t<a href=\"tel:123-456-7890\">\n\n\t\t\t\t\t\t\t\t\t\t\t\t<span class=\"elementor-icon-list-icon\">\n\t\t\t\t\t\t\t<svg aria-hidden=\"true\" class=\"e-font-icon-svg e-far-envelope\" viewBox=\"0 0 512 512\" xmlns=\"http:\/\/www.w3.org\/2000\/svg\"><path d=\"M464 64H48C21.49 64 0 85.49 0 112v288c0 26.51 21.49 48 48 48h416c26.51 0 48-21.49 48-48V112c0-26.51-21.49-48-48-48zm0 48v40.805c-22.422 18.259-58.168 46.651-134.587 106.49-16.841 13.247-50.201 45.072-73.413 44.701-23.208.375-56.579-31.459-73.413-44.701C106.18 199.465 70.425 171.067 48 152.805V112h416zM48 400V214.398c22.914 18.251 55.409 43.862 104.938 82.646 21.857 17.205 60.134 55.186 103.062 54.955 42.717.231 80.509-37.199 103.053-54.947 49.528-38.783 82.032-64.401 104.947-82.653V400H48z\"><\/path><\/svg>\t\t\t\t\t\t<\/span>\n\t\t\t\t\t\t\t\t\t\t<span class=\"elementor-icon-list-text\">Hello@Wild-lines.com<\/span>\n\t\t\t\t\t\t\t\t\t\t\t<\/a>\n\t\t\t\t\t\t\t\t\t<\/li>\n\t\t\t\t\t\t<\/ul>\n\t\t\t\t\t\t<\/div>\n\t\t\t\t<\/div>\n\t\t<div class=\"elementor-element elementor-element-5f5d2890 e-con-full e-flex e-con e-parent\" data-id=\"5f5d2890\" data-element_type=\"container\" data-e-type=\"container\" data-settings=\"{&quot;background_background&quot;:&quot;classic&quot;,&quot;sticky&quot;:&quot;top&quot;,&quot;sticky_on&quot;:[&quot;desktop&quot;,&quot;tablet&quot;,&quot;mobile&quot;],&quot;sticky_offset&quot;:0,&quot;sticky_effects_offset&quot;:0,&quot;sticky_anchor_link_offset&quot;:0}\">\n\t\t\t\t<div class=\"elementor-element elementor-element-1a7aceea elementor-nav-menu--stretch elementor-nav-menu__text-align-center elementor-nav-menu--toggle elementor-nav-menu--burger elementor-widget elementor-widget-nav-menu\" data-id=\"1a7aceea\" data-element_type=\"widget\" data-e-type=\"widget\" data-settings=\"{&quot;full_width&quot;:&quot;stretch&quot;,&quot;submenu_icon&quot;:{&quot;value&quot;:&quot;&lt;svg aria-hidden=\\&quot;true\\&quot; class=\\&quot;e-font-icon-svg e-far-arrow-alt-circle-down\\&quot; viewBox=\\&quot;0 0 512 512\\&quot; xmlns=\\&quot;http:\\\/\\\/www.w3.org\\\/2000\\\/svg\\&quot;&gt;&lt;path d=\\&quot;M256 8C119 8 8 119 8 256s111 248 248 248 248-111 248-248S393 8 256 8zm0 448c-110.5 0-200-89.5-200-200S145.5 56 256 56s200 89.5 200 200-89.5 200-200 200zm-32-316v116h-67c-10.7 0-16 12.9-8.5 20.5l99 99c4.7 4.7 12.3 4.7 17 0l99-99c7.6-7.6 2.2-20.5-8.5-20.5h-67V140c0-6.6-5.4-12-12-12h-40c-6.6 0-12 5.4-12 12z\\&quot;&gt;&lt;\\\/path&gt;&lt;\\\/svg&gt;&quot;,&quot;library&quot;:&quot;fa-regular&quot;},&quot;layout&quot;:&quot;dropdown&quot;,&quot;toggle&quot;:&quot;burger&quot;}\" data-widget_type=\"nav-menu.default\">\n\t\t\t\t\t\t\t<div class=\"elementor-menu-toggle\" role=\"button\" tabindex=\"0\" aria-label=\"Menu Toggle\" aria-expanded=\"false\">\n\t\t\t<svg aria-hidden=\"true\" role=\"presentation\" class=\"elementor-menu-toggle__icon--open e-font-icon-svg e-fas-bars\" viewBox=\"0 0 448 512\" xmlns=\"http:\/\/www.w3.org\/2000\/svg\"><path d=\"M16 132h416c8.837 0 16-7.163 16-16V76c0-8.837-7.163-16-16-16H16C7.163 60 0 67.163 0 76v40c0 8.837 7.163 16 16 16zm0 160h416c8.837 0 16-7.163 16-16v-40c0-8.837-7.163-16-16-16H16c-8.837 0-16 7.163-16 16v40c0 8.837 7.163 16 16 16zm0 160h416c8.837 0 16-7.163 16-16v-40c0-8.837-7.163-16-16-16H16c-8.837 0-16 7.163-16 16v40c0 8.837 7.163 16 16 16z\"><\/path><\/svg><svg aria-hidden=\"true\" role=\"presentation\" class=\"elementor-menu-toggle__icon--close e-font-icon-svg e-eicon-close\" viewBox=\"0 0 1000 1000\" xmlns=\"http:\/\/www.w3.org\/2000\/svg\"><path d=\"M742 167L500 408 258 167C246 154 233 150 217 150 196 150 179 158 167 167 154 179 150 196 150 212 150 229 154 242 171 254L408 500 167 742C138 771 138 800 167 829 196 858 225 858 254 829L496 587 738 829C750 842 767 846 783 846 800 846 817 842 829 829 842 817 846 804 846 783 846 767 842 750 829 737L588 500 833 258C863 229 863 200 833 171 804 137 775 137 742 167Z\"><\/path><\/svg>\t\t<\/div>\n\t\t\t\t\t<nav class=\"elementor-nav-menu--dropdown elementor-nav-menu__container\" aria-hidden=\"true\">\n\t\t\t\t<ul id=\"menu-2-1a7aceea\" class=\"elementor-nav-menu\"><li class=\"menu-item menu-item-type-post_type menu-item-object-page menu-item-home menu-item-252\"><a href=\"https:\/\/wild-lines.com\/en\/\" class=\"elementor-item\" tabindex=\"-1\">ACCUEIL<\/a><\/li>\n<li class=\"menu-item menu-item-type-post_type menu-item-object-page menu-item-has-children menu-item-256\"><a href=\"https:\/\/wild-lines.com\/en\/nos-cours-et-formations\/\" class=\"elementor-item\" tabindex=\"-1\">NOS COURS ET FORMATIONS<\/a>\n<ul class=\"sub-menu elementor-nav-menu--dropdown\">\n\t<li class=\"menu-item menu-item-type-post_type menu-item-object-page menu-item-254\"><a href=\"https:\/\/wild-lines.com\/en\/nos-cours-et-formations\/cours-privee\/\" class=\"elementor-sub-item\" tabindex=\"-1\">COURS PRIV\u00c9 SKI &amp; SNOWBOARD<\/a><\/li>\n\t<li class=\"menu-item menu-item-type-post_type menu-item-object-page menu-item-257\"><a href=\"https:\/\/wild-lines.com\/en\/nos-cours-et-formations\/stage-de-perfectionnement\/\" class=\"elementor-sub-item\" tabindex=\"-1\">STAGE DE PERFECTIONNEMENT<\/a><\/li>\n\t<li class=\"menu-item menu-item-type-post_type menu-item-object-page menu-item-259\"><a href=\"https:\/\/wild-lines.com\/en\/nos-cours-et-formations\/formation-hors-piste-avalanches\/\" class=\"elementor-sub-item\" tabindex=\"-1\">FORMATION HORS PISTE &amp; AVALANCHES<\/a><\/li>\n<\/ul>\n<\/li>\n<li class=\"menu-item menu-item-type-post_type menu-item-object-page menu-item-263\"><a href=\"https:\/\/wild-lines.com\/en\/a-propos\/\" class=\"elementor-item\" tabindex=\"-1\">A PROPOS<\/a><\/li>\n<li class=\"menu-item menu-item-type-post_type menu-item-object-page menu-item-253\"><a href=\"https:\/\/wild-lines.com\/en\/contact\/\" class=\"elementor-item\" tabindex=\"-1\">CONTACT &amp; R\u00c9SERVATION<\/a><\/li>\n<li class=\"menu-item menu-item-type-post_type menu-item-object-page current_page_parent menu-item-251\"><a href=\"https:\/\/wild-lines.com\/en\/blog\/\" class=\"elementor-item\" tabindex=\"-1\">Blog<\/a><\/li>\n<\/ul>\t\t\t<\/nav>\n\t\t\t\t\t\t<\/div>\n\t\t\t\t<\/div>\n\t\t<div class=\"elementor-element elementor-element-1384386 e-flex e-con-boxed e-con e-parent\" data-id=\"1384386\" data-element_type=\"container\" data-e-type=\"container\" data-settings=\"{&quot;background_background&quot;:&quot;classic&quot;}\">\n\t\t\t\t\t<div class=\"e-con-inner\">\n\t\t\t\t<div class=\"elementor-element elementor-element-14e1757 elementor-invisible elementor-widget elementor-widget-heading\" data-id=\"14e1757\" data-element_type=\"widget\" data-e-type=\"widget\" data-settings=\"{&quot;_animation&quot;:&quot;fadeIn&quot;}\" data-widget_type=\"heading.default\">\n\t\t\t\t\t<h1 class=\"elementor-heading-title elementor-size-default\">A PROPOS<\/h1>\t\t\t\t<\/div>\n\t\t\t\t<div class=\"elementor-element elementor-element-b0c8c7d elementor-widget elementor-widget-text-editor\" data-id=\"b0c8c7d\" data-element_type=\"widget\" data-e-type=\"widget\" data-widget_type=\"text-editor.default\">\n\t\t\t\t\t\t\t\t\t<p>Apprenez \u00e0 nous connaitre<\/p>\t\t\t\t\t\t\t\t<\/div>\n\t\t\t\t\t<\/div>\n\t\t\t\t<\/div>\n\t\t<div class=\"elementor-element elementor-element-25d195a e-flex e-con-boxed e-con e-parent\" data-id=\"25d195a\" data-element_type=\"container\" data-e-type=\"container\">\n\t\t\t\t\t<div class=\"e-con-inner\">\n\t\t<div class=\"elementor-element elementor-element-048b410 e-con-full e-flex e-con e-child\" data-id=\"048b410\" data-element_type=\"container\" data-e-type=\"container\">\n\t\t\t\t<div class=\"elementor-element elementor-element-fff2a30 elementor-widget elementor-widget-image\" data-id=\"fff2a30\" data-element_type=\"widget\" data-e-type=\"widget\" data-widget_type=\"image.default\">\n\t\t\t\t\t\t\t\t\t\t\t\t\t\t\t<img fetchpriority=\"high\" decoding=\"async\" width=\"1365\" height=\"2048\" src=\"https:\/\/i0.wp.com\/wild-lines.com\/wp-content\/uploads\/2025\/12\/DSC02208.jpg?fit=1365%2C2048&amp;ssl=1\" class=\"attachment-full size-full wp-image-162\" alt=\"\" srcset=\"https:\/\/i0.wp.com\/wild-lines.com\/wp-content\/uploads\/2025\/12\/DSC02208.jpg?w=1365&amp;ssl=1 1365w, https:\/\/i0.wp.com\/wild-lines.com\/wp-content\/uploads\/2025\/12\/DSC02208.jpg?resize=600%2C900&amp;ssl=1 600w, https:\/\/i0.wp.com\/wild-lines.com\/wp-content\/uploads\/2025\/12\/DSC02208.jpg?resize=200%2C300&amp;ssl=1 200w, https:\/\/i0.wp.com\/wild-lines.com\/wp-content\/uploads\/2025\/12\/DSC02208.jpg?resize=683%2C1024&amp;ssl=1 683w, https:\/\/i0.wp.com\/wild-lines.com\/wp-content\/uploads\/2025\/12\/DSC02208.jpg?resize=768%2C1152&amp;ssl=1 768w, https:\/\/i0.wp.com\/wild-lines.com\/wp-content\/uploads\/2025\/12\/DSC02208.jpg?resize=1024%2C1536&amp;ssl=1 1024w\" sizes=\"(max-width: 1170px) 100vw, 1170px\" \/>\t\t\t\t\t\t\t\t\t\t\t\t\t\t\t<\/div>\n\t\t\t\t<\/div>\n\t\t<div class=\"elementor-element elementor-element-f8358c6 e-con-full e-flex e-con e-child\" data-id=\"f8358c6\" data-element_type=\"container\" data-e-type=\"container\">\n\t\t<div class=\"elementor-element elementor-element-b4b9be7 e-con-full e-flex e-con e-child\" data-id=\"b4b9be7\" data-element_type=\"container\" data-e-type=\"container\">\n\t\t\t\t<div class=\"elementor-element elementor-element-4e09e4d elementor-widget elementor-widget-heading\" data-id=\"4e09e4d\" data-element_type=\"widget\" data-e-type=\"widget\" data-widget_type=\"heading.default\">\n\t\t\t\t\t<h2 class=\"elementor-heading-title elementor-size-default\">\"le ski est un moyen de d\u00e9couvrir le milieu montagnard, sa faune mais aussi le moyen de laisser sa trace\"<\/h2>\t\t\t\t<\/div>\n\t\t\t\t<\/div>\n\t\t\t\t<div class=\"elementor-element elementor-element-c0c0614 elementor-widget elementor-widget-text-editor\" data-id=\"c0c0614\" data-element_type=\"widget\" data-e-type=\"widget\" data-widget_type=\"text-editor.default\">\n\t\t\t\t\t\t\t\t\t<p>N\u00e9 \u00e0 Lausanne, Ben rejoins la maison familiale \u00e0 Morzine.<\/p><p>Comme beaucoup de locaux le ski l&rsquo;accompagne toute son enfance. Il s&rsquo;oriente vers le ski freestyle, une pratique du ski tr\u00e8s vari\u00e9 \u00a0entre les figures dans les snowpark et le ski tout terrain.<\/p><p>Arrive la fin des \u00e9tudes, l&rsquo;envie de devenir moniteur de ski apparait et il s&rsquo;engage dans le long parcours du Dipl\u00f4me de Moniteur de Ski Alpin Fran\u00e7ais.<\/p><p>Le parcours est long mais l&rsquo;objectif est de pouvoir initier les amateurs de ski &amp; de snowboard au plaisir de la glisse.<\/p><p>Apr\u00e8s 7 ans dans les rangs de l&rsquo;ESF Morzine.\u00a0<\/p><p>Aujourd&rsquo;hui, Ben est devenu moniteur de ski ind\u00e9pendant, pour offrir un enseignement proche des pratiquants, pr\u00e9cis et en accord avec sa vision du ski.<\/p><p>Pour lui le ski est un moyen de d\u00e9couvrir le milieu montagnard, sa faune mais aussi le moyen de laisser sa trace.<\/p>\t\t\t\t\t\t\t\t<\/div>\n\t\t<div class=\"elementor-element elementor-element-7ff6d14 e-con-full e-flex e-con e-child\" data-id=\"7ff6d14\" data-element_type=\"container\" data-e-type=\"container\">\n\t\t\t\t<div class=\"elementor-element elementor-element-d6a49c6 elementor-blockquote--button-view-text elementor-blockquote--button-skin-bubble elementor-blockquote--skin-border elementor-widget elementor-widget-blockquote\" data-id=\"d6a49c6\" data-element_type=\"widget\" data-e-type=\"widget\" data-widget_type=\"blockquote.default\">\n\t\t\t\t\t\t\t<blockquote class=\"elementor-blockquote\">\n\t\t\t<p class=\"elementor-blockquote__content\">\n\t\t\t\t\" je veux que les personnes profite de la montagne pour ce qu'elle nous apporte, l'ermveillement, l'humilit\u00e9 et ces moments entier que l'on peut y vivre\t\t\t<\/p>\n\t\t\t\t\t\t\t<div class=\"e-q-footer\">\n\t\t\t\t\t\t\t\t\t\t\t<cite class=\"elementor-blockquote__author\">Ben, Fondeur Wildlines<\/cite>\n\t\t\t\t\t\t\t\t\t\t\t\t\t\t\t\t<a href=\"https:\/\/twitter.com\/intent\/tweet?text=%22+je+veux+que+les+personnes+profite+de+la+montagne+pour+ce+qu%27elle+nous+apporte%2C+l%27ermveillement%2C+l%27humilit%C3%A9+et+ces+moments+entier+que+l%27on+peut+y+vivre+%E2%80%94+Ben%2C+Fondeur+Wildlines&amp;url=https%3A%2F%2Fwild-lines.com%2Fa-propos%2F\" class=\"elementor-blockquote__tweet-button\" target=\"_blank\">\n\t\t\t\t\t\t\t\t\t\t\t\t\t\t\t\t\t\t\t\t\t\t<span class=\"elementor-blockquote__tweet-label\"><\/span>\n\t\t\t\t\t\t\t\t\t\t\t\t\t<\/a>\n\t\t\t\t\t\t\t\t\t<\/div>\n\t\t\t\t\t<\/blockquote>\n\t\t\t\t\t\t<\/div>\n\t\t\t\t<\/div>\n\t\t\t\t<\/div>\n\t\t\t\t\t<\/div>\n\t\t\t\t<\/div>\n\t\t<footer class=\"elementor-element elementor-element-384c373b e-con-full e-flex e-con e-parent\" data-id=\"384c373b\" data-element_type=\"container\" data-e-type=\"container\">\n\t\t<div class=\"elementor-element elementor-element-69beb948 e-con-full e-flex e-con e-child\" data-id=\"69beb948\" data-element_type=\"container\" data-e-type=\"container\">\n\t\t\t\t<div class=\"elementor-element elementor-element-406b1586 elementor-position-top elementor-widget elementor-widget-image-box\" data-id=\"406b1586\" data-element_type=\"widget\" data-e-type=\"widget\" data-widget_type=\"image-box.default\">\n\t\t\t\t\t<div class=\"elementor-image-box-wrapper\"><figure class=\"elementor-image-box-img\"><img decoding=\"async\" width=\"1024\" height=\"683\" src=\"https:\/\/i0.wp.com\/wild-lines.com\/wp-content\/uploads\/2025\/12\/Logo-typo_-scaled.png?fit=1024%2C683&amp;ssl=1\" class=\"attachment-large size-large wp-image-79\" alt=\"\" srcset=\"https:\/\/i0.wp.com\/wild-lines.com\/wp-content\/uploads\/2025\/12\/Logo-typo_-scaled.png?w=2560&amp;ssl=1 2560w, https:\/\/i0.wp.com\/wild-lines.com\/wp-content\/uploads\/2025\/12\/Logo-typo_-scaled.png?resize=600%2C400&amp;ssl=1 600w, https:\/\/i0.wp.com\/wild-lines.com\/wp-content\/uploads\/2025\/12\/Logo-typo_-scaled.png?resize=300%2C200&amp;ssl=1 300w, https:\/\/i0.wp.com\/wild-lines.com\/wp-content\/uploads\/2025\/12\/Logo-typo_-scaled.png?resize=1024%2C683&amp;ssl=1 1024w, https:\/\/i0.wp.com\/wild-lines.com\/wp-content\/uploads\/2025\/12\/Logo-typo_-scaled.png?resize=768%2C512&amp;ssl=1 768w, https:\/\/i0.wp.com\/wild-lines.com\/wp-content\/uploads\/2025\/12\/Logo-typo_-scaled.png?resize=1536%2C1024&amp;ssl=1 1536w, https:\/\/i0.wp.com\/wild-lines.com\/wp-content\/uploads\/2025\/12\/Logo-typo_-scaled.png?resize=2048%2C1365&amp;ssl=1 2048w, https:\/\/i0.wp.com\/wild-lines.com\/wp-content\/uploads\/2025\/12\/Logo-typo_-scaled.png?w=2340&amp;ssl=1 2340w\" sizes=\"(max-width: 1024px) 100vw, 1024px\" \/><\/figure><div class=\"elementor-image-box-content\"><span class=\"elementor-image-box-title\">WILD LINES - LA RIDE SAUVAGE<\/span><p class=\"elementor-image-box-description\">\nWildlines est une \u00e9cole de ski &amp; snowboard bas\u00e9 \u00e0 Morzine-Avoriaz, nous proposons des cours priv\u00e9es \u00e0 destinations des riders qui souhaites booster leur niveau et explorer le hors-piste. <\/p><\/div><\/div>\t\t\t\t<\/div>\n\t\t\t\t<\/div>\n\t\t<div class=\"elementor-element elementor-element-5784fb3b e-con-full e-flex e-con e-child\" data-id=\"5784fb3b\" data-element_type=\"container\" data-e-type=\"container\">\n\t\t\t\t<div class=\"elementor-element elementor-element-46ebe91c elementor-align-center elementor-tablet-align-start elementor-mobile-align-center elementor-icon-list--layout-traditional elementor-list-item-link-full_width elementor-widget elementor-widget-icon-list\" data-id=\"46ebe91c\" data-element_type=\"widget\" data-e-type=\"widget\" data-widget_type=\"icon-list.default\">\n\t\t\t\t\t\t\t<ul class=\"elementor-icon-list-items\">\n\t\t\t\t\t\t\t<li class=\"elementor-icon-list-item\">\n\t\t\t\t\t\t\t\t\t\t\t<span class=\"elementor-icon-list-icon\">\n\t\t\t\t\t\t\t<svg aria-hidden=\"true\" class=\"e-font-icon-svg e-fas-envelope\" viewBox=\"0 0 512 512\" xmlns=\"http:\/\/www.w3.org\/2000\/svg\"><path d=\"M502.3 190.8c3.9-3.1 9.7-.2 9.7 4.7V400c0 26.5-21.5 48-48 48H48c-26.5 0-48-21.5-48-48V195.6c0-5 5.7-7.8 9.7-4.7 22.4 17.4 52.1 39.5 154.1 113.6 21.1 15.4 56.7 47.8 92.2 47.6 35.7.3 72-32.8 92.3-47.6 102-74.1 131.6-96.3 154-113.7zM256 320c23.2.4 56.6-29.2 73.4-41.4 132.7-96.3 142.8-104.7 173.4-128.7 5.8-4.5 9.2-11.5 9.2-18.9v-19c0-26.5-21.5-48-48-48H48C21.5 64 0 85.5 0 112v19c0 7.4 3.4 14.3 9.2 18.9 30.6 23.9 40.7 32.4 173.4 128.7 16.8 12.2 50.2 41.8 73.4 41.4z\"><\/path><\/svg>\t\t\t\t\t\t<\/span>\n\t\t\t\t\t\t\t\t\t\t<span class=\"elementor-icon-list-text\">hello@wildline.com<\/span>\n\t\t\t\t\t\t\t\t\t<\/li>\n\t\t\t\t\t\t\t\t<li class=\"elementor-icon-list-item\">\n\t\t\t\t\t\t\t\t\t\t<span class=\"elementor-icon-list-text\">Lundi - Dimanche  9:00AM - 5:00PM<\/span>\n\t\t\t\t\t\t\t\t\t<\/li>\n\t\t\t\t\t\t<\/ul>\n\t\t\t\t\t\t<\/div>\n\t\t\t\t<\/div>\n\t\t<div class=\"elementor-element elementor-element-7c0b9bee e-con-full e-flex e-con e-child\" data-id=\"7c0b9bee\" data-element_type=\"container\" data-e-type=\"container\">\n\t\t\t\t<div class=\"elementor-element elementor-element-49389792 elementor-widget elementor-widget-text-editor\" data-id=\"49389792\" data-element_type=\"widget\" data-e-type=\"widget\" data-widget_type=\"text-editor.default\">\n\t\t\t\t\t\t\t\t\t<p>Contactez nous pour toutes demandes.<\/p>\t\t\t\t\t\t\t\t<\/div>\n\t\t\t\t<div class=\"elementor-element elementor-element-1498e0d8 elementor-button-align-start elementor-mobile-button-align-stretch elementor-widget elementor-widget-form\" data-id=\"1498e0d8\" data-element_type=\"widget\" data-e-type=\"widget\" data-settings=\"{&quot;step_next_label&quot;:&quot;Next&quot;,&quot;step_previous_label&quot;:&quot;Previous&quot;,&quot;button_width&quot;:&quot;100&quot;,&quot;step_type&quot;:&quot;number_text&quot;,&quot;step_icon_shape&quot;:&quot;circle&quot;}\" data-widget_type=\"form.default\">\n\t\t\t\t\t\t\t<form class=\"elementor-form\" method=\"post\" name=\"New Form\" aria-label=\"New Form\">\n\t\t\t<input type=\"hidden\" name=\"post_id\" value=\"132\"\/>\n\t\t\t<input type=\"hidden\" name=\"form_id\" value=\"1498e0d8\"\/>\n\t\t\t<input type=\"hidden\" name=\"referer_title\" value=\"A PROPOS - Wild Lines Ecole de ski &amp; Snowboard\" \/>\n\n\t\t\t\t\t\t\t<input type=\"hidden\" name=\"queried_id\" value=\"132\"\/>\n\t\t\t\n\t\t\t<div class=\"elementor-form-fields-wrapper elementor-labels-\">\n\t\t\t\t\t\t\t\t<div class=\"elementor-field-type-email elementor-field-group elementor-column elementor-field-group-email elementor-col-100 elementor-sm-100 elementor-field-required\">\n\t\t\t\t\t\t\t\t\t\t\t\t<label for=\"form-field-email\" class=\"elementor-field-label elementor-screen-only\">\n\t\t\t\t\t\t\t\tEmail\t\t\t\t\t\t\t<\/label>\n\t\t\t\t\t\t\t\t\t\t\t\t\t\t<input size=\"1\" type=\"email\" name=\"form_fields[email]\" id=\"form-field-email\" class=\"elementor-field elementor-size-md  elementor-field-textual\" placeholder=\"Email Address\" required=\"required\">\n\t\t\t\t\t\t\t\t\t\t\t<\/div>\n\t\t\t\t\t\t\t\t<div class=\"elementor-field-group elementor-column elementor-field-type-submit elementor-col-100 e-form__buttons\">\n\t\t\t\t\t<button class=\"elementor-button elementor-size-md\" type=\"submit\">\n\t\t\t\t\t\t<span class=\"elementor-button-content-wrapper\">\n\t\t\t\t\t\t\t\t\t\t\t\t\t\t\t\t\t\t\t\t\t\t<span class=\"elementor-button-text\">Subscribe<\/span>\n\t\t\t\t\t\t\t\t\t\t\t\t\t<\/span>\n\t\t\t\t\t<\/button>\n\t\t\t\t<\/div>\n\t\t\t<\/div>\n\t\t<\/form>\n\t\t\t\t\t\t<\/div>\n\t\t\t\t<\/div>\n\t\t\t\t<\/footer>\n\t\t<div class=\"elementor-element elementor-element-206fb37a e-con-full e-flex e-con e-parent\" data-id=\"206fb37a\" data-element_type=\"container\" data-e-type=\"container\" data-settings=\"{&quot;background_background&quot;:&quot;classic&quot;}\">\n\t\t\t\t<div class=\"elementor-element elementor-element-7c6b7b1b elementor-widget elementor-widget-heading\" data-id=\"7c6b7b1b\" data-element_type=\"widget\" data-e-type=\"widget\" data-widget_type=\"heading.default\">\n\t\t\t\t\t<p class=\"elementor-heading-title elementor-size-default\">\u00a9 2026 All Rights Reserved.<\/p>\t\t\t\t<\/div>\n\t\t\t\t<\/div>\n\t\t\t\t<\/div>\n\t\t","protected":false},"excerpt":{"rendered":"<p>Hello@Wild-lines.com A PROPOS Apprenez \u00e0 nous connaitre \u00ab\u00a0le ski est un moyen de d\u00e9couvrir le milieu montagnard, sa faune mais aussi le moyen de laisser sa trace\u00a0\u00bb N\u00e9 \u00e0 Lausanne, Ben rejoins la maison familiale \u00e0 Morzine. Comme beaucoup de locaux le ski l&rsquo;accompagne toute son enfance. Il s&rsquo;oriente vers le ski freestyle, une pratique [&hellip;]<\/p>\n","protected":false},"author":2,"featured_media":0,"parent":0,"menu_order":0,"comment_status":"closed","ping_status":"closed","template":"","meta":{"_monsterinsights_skip_tracking":false,"_monsterinsights_sitenote_active":false,"_monsterinsights_sitenote_note":"","_monsterinsights_sitenote_category":0,"footnotes":""},"class_list":["post-132","page","type-page","status-publish","hentry"],"aioseo_notices":[],"jetpack_sharing_enabled":true,"_links":{"self":[{"href":"https:\/\/wild-lines.com\/en\/wp-json\/wp\/v2\/pages\/132","targetHints":{"allow":["GET"]}}],"collection":[{"href":"https:\/\/wild-lines.com\/en\/wp-json\/wp\/v2\/pages"}],"about":[{"href":"https:\/\/wild-lines.com\/en\/wp-json\/wp\/v2\/types\/page"}],"author":[{"embeddable":true,"href":"https:\/\/wild-lines.com\/en\/wp-json\/wp\/v2\/users\/2"}],"replies":[{"embeddable":true,"href":"https:\/\/wild-lines.com\/en\/wp-json\/wp\/v2\/comments?post=132"}],"version-history":[{"count":7,"href":"https:\/\/wild-lines.com\/en\/wp-json\/wp\/v2\/pages\/132\/revisions"}],"predecessor-version":[{"id":262,"href":"https:\/\/wild-lines.com\/en\/wp-json\/wp\/v2\/pages\/132\/revisions\/262"}],"wp:attachment":[{"href":"https:\/\/wild-lines.com\/en\/wp-json\/wp\/v2\/media?parent=132"}],"curies":[{"name":"wp","href":"https:\/\/api.w.org\/{rel}","templated":true}]}}